{"id":910,"date":"2020-09-21T10:09:14","date_gmt":"2020-09-21T10:09:14","guid":{"rendered":"https:\/\/www.orgelvereinzw.ch\/?page_id=910"},"modified":"2024-12-13T14:57:37","modified_gmt":"2024-12-13T14:57:37","slug":"harmonium-des-orgelvereins","status":"publish","type":"page","link":"https:\/\/www.orgelvereinzw.ch\/index.php\/harmonium-des-orgelvereins\/","title":{"rendered":"Harmonium des Orgelvereins"},"content":{"rendered":"<div class=\"wp-block-image wp-duotone-unset-1\">\n<figure class=\"alignright size-large is-resized\"><img loading=\"lazy\" decoding=\"async\" width=\"768\" height=\"1024\" src=\"https:\/\/www.orgelvereinzw.ch\/wp-content\/uploads\/2024\/12\/IMG_7883-scaled-e1734101455893-768x1024.jpg\" alt=\"\" class=\"wp-image-1551\" style=\"width:300px\" srcset=\"https:\/\/www.orgelvereinzw.ch\/wp-content\/uploads\/2024\/12\/IMG_7883-scaled-e1734101455893-768x1024.jpg 768w, https:\/\/www.orgelvereinzw.ch\/wp-content\/uploads\/2024\/12\/IMG_7883-scaled-e1734101455893-225x300.jpg 225w, https:\/\/www.orgelvereinzw.ch\/wp-content\/uploads\/2024\/12\/IMG_7883-scaled-e1734101455893-1152x1536.jpg 1152w, https:\/\/www.orgelvereinzw.ch\/wp-content\/uploads\/2024\/12\/IMG_7883-scaled-e1734101455893-1536x2048.jpg 1536w, https:\/\/www.orgelvereinzw.ch\/wp-content\/uploads\/2024\/12\/IMG_7883-scaled-e1734101455893.jpg 1920w\" sizes=\"auto, (max-width: 768px) 100vw, 768px\" \/><\/figure><\/div>\n\n\n<p>Kurz nach seiner Gr\u00fcndung kam der Orgelverein Z\u00fcrcher Weinland in den Besitz eines sehr gut erhaltenen Saugwind-Harmoniums der Manufaktur Hofberg aus Leipzig. Bisher konnte das exakte Herstellungsdatum noch nicht ermittelt werden, aber es muss in den Jahren 1915 \u2013 1925 gebaut worden sein und ist somit rund 100-j\u00e4hrig.<\/p>\n\n\n\n<p>Zu Unrecht ist das Harmonium in unserem heutigen Musikalltag fast g\u00e4nzlich in Vergessenheit geraten. Geblieben sind geringsch\u00e4tzige Begriffe und \u00dcbernamen die das Harmonium im Laufe der Zeit bekam, wie:<\/p>\n\n\n\n<ul class=\"wp-block-list\">\n<li>Halleluja-Pumpe<\/li>\n\n\n\n<li>Halleluja-Sirene<\/li>\n\n\n\n<li>Quetschkommode<\/li>\n\n\n\n<li>Psalmenquetsche<\/li>\n\n\n\n<li>Choralpumpe<\/li>\n\n\n\n<li>Hundert-Franken-Orgel<\/li>\n<\/ul>\n\n\n\n<p>In unserem <strong><a href=\"https:\/\/www.orgelvereinzw.ch\/wp-content\/uploads\/2020\/11\/05-2020-Newsletter.pdf\" class=\"mtli_attachment mtli_pdf\" data-type=\"attachment\" data-id=\"976\" target=\"_blank\" rel=\"noreferrer noopener\">Newsletter 2020-5<\/a><\/strong> stellten wir das Harmonium aber in ein etwas anderes Licht und berichteten etwas \u00fcber die Geschichte und Entwicklung dieser meist sehr kunstvollen Instrumente. Die Vielfalt der Bauweisen und der Verwendungen von Harmonien kann \u00fcbrigens auch in dem wunderbaren Laurel &amp; Hardy Film \u00abBelow Zero\u00bb aus dem Jahr 1930 (in Deutsch 1970 durch den ZDF mit dem Titel \u00abUnterschlagene Noten\u00bb ver\u00f6ffentlicht) bewundert werden.<\/p>\n\n\n<div class=\"wp-block-image\">\n<figure class=\"alignleft size-large is-resized\"><img loading=\"lazy\" decoding=\"async\" width=\"1024\" height=\"768\" src=\"https:\/\/www.orgelvereinzw.ch\/wp-content\/uploads\/2024\/12\/IMG_7878-1024x768.jpg\" alt=\"\" class=\"wp-image-1554\" style=\"width:300px\" srcset=\"https:\/\/www.orgelvereinzw.ch\/wp-content\/uploads\/2024\/12\/IMG_7878-1024x768.jpg 1024w, https:\/\/www.orgelvereinzw.ch\/wp-content\/uploads\/2024\/12\/IMG_7878-300x225.jpg 300w, https:\/\/www.orgelvereinzw.ch\/wp-content\/uploads\/2024\/12\/IMG_7878-768x576.jpg 768w, https:\/\/www.orgelvereinzw.ch\/wp-content\/uploads\/2024\/12\/IMG_7878-1536x1152.jpg 1536w, https:\/\/www.orgelvereinzw.ch\/wp-content\/uploads\/2024\/12\/IMG_7878-2048x1536.jpg 2048w\" sizes=\"auto, (max-width: 1024px) 100vw, 1024px\" \/><\/figure><\/div>\n\n\n<p>Dank einer erfolgreichen Spendenaktion mit einem kleinen, von einem unserer Mitglieder entworfenen Gewinnspiel, konnte das Harmonium im Jahr 2020 durch die Orgelbaufirma Erni in Stans fachgerecht revidiert werden. Von der Qualit\u00e4t, der Klangdynamik und der Klangvielfalt unseres Hofberg-Harmoniums k\u00f6nnen Sie sich anhand einiger <strong><a href=\"https:\/\/www.orgelvereinzw.ch\/index.php\/klangbeispiele-harmonium\/\" data-type=\"page\" data-id=\"937\">Klangbeispiele<\/a><\/strong> \u00fcberzeugen. Zudem k\u00f6nnen Sie einige <strong><a href=\"https:\/\/www.orgelvereinzw.ch\/index.php\/bilder-video-harmonium\/\" data-type=\"page\" data-id=\"954\">Bilder<\/a><\/strong> des Harmoniums betrachten und ein kurzes <strong><a href=\"https:\/\/www.orgelvereinzw.ch\/index.php\/bilder-video-harmonium\/\" data-type=\"page\" data-id=\"954\">Video<\/a><\/strong> zeigt die Funktion des Registers Vox Humana.<\/p>\n\n\n\n<p>Unser Hofberg-Harmonium steht in der Eugen-Huber Stube des Alters- und Pflegezentrum Stammertal (APZ) in Oberstammheim. Dort kann es w\u00e4hrend der \u00d6ffnungszeiten des APZ t\u00e4glich von 8 \u2013 20 Uhr besichtigt und bespielt werden. F\u00fcr die Mitglieder des Vereins und die BewohnerInnen und MitarbeiterInnen des APZ ist dies kostenlos. \u00dcbrige Benutzer werden um einen Spendenbeitrag, entweder durch Bareinlage ins K\u00e4sseli auf dem Harmonium, oder durch TWINT-Zahlung, gebeten. Wer sicher sein will, dass die Eugen-Huber Stube gerade nicht besetzt ist, kann \u00fcber das Formular <strong><a href=\"https:\/\/www.orgelvereinzw.ch\/index.php\/kontakt\/\" data-type=\"page\" data-id=\"51\">Kontaktaufnahme<\/a><\/strong> auf unserer Website einen Termin vereinbaren. Gleichzeitig oder alternativ kann auch die <strong><a href=\"https:\/\/www.orgelvereinzw.ch\/index.php\/noten\/\" data-type=\"page\" data-id=\"1281\">Notenbibliothek<\/a><\/strong> benutzt werden. Im Kasten neben dem Harmonium befinden sich einige Noten f\u00fcr Harmonium oder auch das Buch \u00abDas Harmonium in Deutschland\u00bb, so dass an Ort und Stelle eine umfassende Orientierung und Information \u00fcber das wunderbare Instrument Harmonium m\u00f6glich ist.<\/p>\n\n\n\n<figure class=\"wp-block-image alignwide size-large\"><img loading=\"lazy\" decoding=\"async\" width=\"1024\" height=\"768\" src=\"https:\/\/www.orgelvereinzw.ch\/wp-content\/uploads\/2024\/12\/IMG_7874-1024x768.jpg\" alt=\"\" class=\"wp-image-1562\" srcset=\"https:\/\/www.orgelvereinzw.ch\/wp-content\/uploads\/2024\/12\/IMG_7874-1024x768.jpg 1024w, https:\/\/www.orgelvereinzw.ch\/wp-content\/uploads\/2024\/12\/IMG_7874-300x225.jpg 300w, https:\/\/www.orgelvereinzw.ch\/wp-content\/uploads\/2024\/12\/IMG_7874-768x576.jpg 768w, https:\/\/www.orgelvereinzw.ch\/wp-content\/uploads\/2024\/12\/IMG_7874-1536x1152.jpg 1536w, https:\/\/www.orgelvereinzw.ch\/wp-content\/uploads\/2024\/12\/IMG_7874-2048x1536.jpg 2048w\" sizes=\"auto, (max-width: 1024px) 100vw, 1024px\" \/><\/figure>\n","protected":false},"excerpt":{"rendered":"<p>Kurz nach seiner Gr\u00fcndung kam der Orgelverein Z\u00fcrcher Weinland in den Besitz eines sehr gut erhaltenen Saugwind-Harmoniums der Manufaktur Hofberg aus Leipzig. Bisher konnte das exakte Herstellungsdatum noch nicht ermittelt werden, aber es muss in den Jahren 1915 \u2013 1925 gebaut worden sein und ist somit rund 100-j\u00e4hrig. Zu Unrecht ist das Harmonium in unserem &#8230; <a title=\"Harmonium des Orgelvereins\" class=\"read-more\" href=\"https:\/\/www.orgelvereinzw.ch\/index.php\/harmonium-des-orgelvereins\/\" aria-label=\"Read more about Harmonium des Orgelvereins\">mehr lesen<\/a><\/p>\n","protected":false},"author":1,"featured_media":0,"parent":0,"menu_order":0,"comment_status":"closed","ping_status":"closed","template":"","meta":{"_coblocks_attr":"","_coblocks_dimensions":"","_coblocks_responsive_height":"","_coblocks_accordion_ie_support":"","footnotes":""},"class_list":["post-910","page","type-page","status-publish"],"_links":{"self":[{"href":"https:\/\/www.orgelvereinzw.ch\/index.php\/wp-json\/wp\/v2\/pages\/910","targetHints":{"allow":["GET"]}}],"collection":[{"href":"https:\/\/www.orgelvereinzw.ch\/index.php\/wp-json\/wp\/v2\/pages"}],"about":[{"href":"https:\/\/www.orgelvereinzw.ch\/index.php\/wp-json\/wp\/v2\/types\/page"}],"author":[{"embeddable":true,"href":"https:\/\/www.orgelvereinzw.ch\/index.php\/wp-json\/wp\/v2\/users\/1"}],"replies":[{"embeddable":true,"href":"https:\/\/www.orgelvereinzw.ch\/index.php\/wp-json\/wp\/v2\/comments?post=910"}],"version-history":[{"count":53,"href":"https:\/\/www.orgelvereinzw.ch\/index.php\/wp-json\/wp\/v2\/pages\/910\/revisions"}],"predecessor-version":[{"id":1564,"href":"https:\/\/www.orgelvereinzw.ch\/index.php\/wp-json\/wp\/v2\/pages\/910\/revisions\/1564"}],"wp:attachment":[{"href":"https:\/\/www.orgelvereinzw.ch\/index.php\/wp-json\/wp\/v2\/media?parent=910"}],"curies":[{"name":"wp","href":"https:\/\/api.w.org\/{rel}","templated":true}]}}