{"id":615,"date":"2019-03-28T13:27:05","date_gmt":"2019-03-28T13:27:05","guid":{"rendered":"https:\/\/www.orgelvereinzw.ch\/?page_id=615"},"modified":"2024-03-20T12:32:10","modified_gmt":"2024-03-20T12:32:10","slug":"instrumentenboerse","status":"publish","type":"page","link":"https:\/\/www.orgelvereinzw.ch\/index.php\/instrumentenboerse\/","title":{"rendered":"Instrumentenb\u00f6rse"},"content":{"rendered":"\n<h2 class=\"wp-block-heading\"><strong>Instrumentenb\u00f6rse<\/strong><\/h2>\n\n\n\n<div class=\"wp-block-group has-no-padding has-background\" style=\"background-color:#eeeeee\"><div class=\"wp-block-group__inner-container is-layout-flow wp-block-group-is-layout-flow\">\n<h2 class=\"wp-block-heading has-text-align-left\"><strong>B\u00f6sendorfer Fl\u00fcgel<\/strong> 155cm<\/h2>\n\n\n\n<ul class=\"wp-block-list\">\n<li>Der Fl\u00fcgel wurde 1952 in Wien gebaut und <strong>2012 revidiert<\/strong>, er ist in <strong>sehr gutem Zustand<\/strong>.<\/li>\n\n\n\n<li>Der Verkaufspreis betr\u00e4gt <strong>CHF 23\u2018000.00<\/strong>, Abholung in der N\u00e4he von Z\u00fcrich n\u00f6tig.<\/li>\n\n\n\n<li>Interessenten k\u00f6nnen sich via <a rel=\"noreferrer noopener\" href=\"https:\/\/www.orgelvereinzw.ch\/index.php\/kontakt\/\" data-type=\"page\" data-id=\"51\" target=\"_blank\"><strong>Kontaktformular<\/strong><\/a> f\u00fcr <strong>Besichtigung\/Probespiel<\/strong> bei uns melden.<\/li>\n<\/ul>\n\n\n\n<div class=\"wp-block-columns is-layout-flex wp-container-core-columns-is-layout-9d6595d7 wp-block-columns-is-layout-flex\">\n<div class=\"wp-block-column is-layout-flow wp-block-column-is-layout-flow\">\n<figure class=\"wp-block-image size-large mb-0\"><a href=\"https:\/\/www.orgelvereinzw.ch\/wp-content\/uploads\/2021\/02\/Bild-1-offen-edited-2.jpeg\"><img loading=\"lazy\" decoding=\"async\" width=\"900\" height=\"1602\" src=\"https:\/\/www.orgelvereinzw.ch\/wp-content\/uploads\/2021\/02\/Bild-1-offen-edited-2.jpeg\" alt=\"\" class=\"wp-image-1029\" srcset=\"https:\/\/www.orgelvereinzw.ch\/wp-content\/uploads\/2021\/02\/Bild-1-offen-edited-2.jpeg 900w, https:\/\/www.orgelvereinzw.ch\/wp-content\/uploads\/2021\/02\/Bild-1-offen-edited-2-169x300.jpeg 169w, https:\/\/www.orgelvereinzw.ch\/wp-content\/uploads\/2021\/02\/Bild-1-offen-edited-2-575x1024.jpeg 575w, https:\/\/www.orgelvereinzw.ch\/wp-content\/uploads\/2021\/02\/Bild-1-offen-edited-2-768x1367.jpeg 768w, https:\/\/www.orgelvereinzw.ch\/wp-content\/uploads\/2021\/02\/Bild-1-offen-edited-2-863x1536.jpeg 863w\" sizes=\"auto, (max-width: 900px) 100vw, 900px\" \/><\/a><\/figure>\n<\/div>\n\n\n\n<div class=\"wp-block-column is-layout-flow wp-block-column-is-layout-flow\">\n<figure class=\"wp-block-video\"><video autoplay controls loop muted src=\"https:\/\/www.orgelvereinzw.ch\/wp-content\/uploads\/2021\/02\/Boesendorfer-Video.mp4\"><\/video><\/figure>\n<\/div>\n\n\n\n<div class=\"wp-block-column is-layout-flow wp-block-column-is-layout-flow\">\n<figure class=\"wp-block-image size-large mb-0\"><a href=\"https:\/\/www.orgelvereinzw.ch\/wp-content\/uploads\/2021\/02\/Bild-3-Signatur-edited.jpeg\"><img loading=\"lazy\" decoding=\"async\" width=\"900\" height=\"1602\" src=\"https:\/\/www.orgelvereinzw.ch\/wp-content\/uploads\/2021\/02\/Bild-3-Signatur-edited.jpeg\" alt=\"\" class=\"wp-image-1030\" srcset=\"https:\/\/www.orgelvereinzw.ch\/wp-content\/uploads\/2021\/02\/Bild-3-Signatur-edited.jpeg 900w, https:\/\/www.orgelvereinzw.ch\/wp-content\/uploads\/2021\/02\/Bild-3-Signatur-edited-169x300.jpeg 169w, https:\/\/www.orgelvereinzw.ch\/wp-content\/uploads\/2021\/02\/Bild-3-Signatur-edited-575x1024.jpeg 575w, https:\/\/www.orgelvereinzw.ch\/wp-content\/uploads\/2021\/02\/Bild-3-Signatur-edited-768x1367.jpeg 768w, https:\/\/www.orgelvereinzw.ch\/wp-content\/uploads\/2021\/02\/Bild-3-Signatur-edited-863x1536.jpeg 863w\" sizes=\"auto, (max-width: 900px) 100vw, 900px\" \/><\/a><\/figure>\n<\/div>\n<\/div>\n<\/div><\/div>\n\n\n\n<p>Wenn Sie sich f\u00fcr eine Anzeige interessieren oder weitere Fragen zum Angebot oder zum Instrument haben, kontaktieren Sie bitte die Verk\u00e4uferin \/ den Verk\u00e4ufer \u00fcber die angegebenen Kontaktdaten oder f\u00fcllen Sie unser <a rel=\"noreferrer noopener\" aria-label=\"Kontaktformular (\u00f6ffnet in neuem Tab)\" href=\"https:\/\/www.orgelvereinzw.ch\/index.php\/kontakt\/\" target=\"_blank\"><strong>Kontaktformular<\/strong><\/a><strong> <\/strong>aus.<\/p>\n","protected":false},"excerpt":{"rendered":"<p>Instrumentenb\u00f6rse B\u00f6sendorfer Fl\u00fcgel 155cm Wenn Sie sich f\u00fcr eine Anzeige interessieren oder weitere Fragen zum Angebot oder zum Instrument haben, kontaktieren Sie bitte die Verk\u00e4uferin \/ den Verk\u00e4ufer \u00fcber die angegebenen Kontaktdaten oder f\u00fcllen Sie unser Kontaktformular aus.<\/p>\n","protected":false},"author":1,"featured_media":0,"parent":0,"menu_order":0,"comment_status":"closed","ping_status":"closed","template":"","meta":{"_coblocks_attr":"","_coblocks_dimensions":"","_coblocks_responsive_height":"","_coblocks_accordion_ie_support":"","footnotes":""},"class_list":["post-615","page","type-page","status-publish"],"_links":{"self":[{"href":"https:\/\/www.orgelvereinzw.ch\/index.php\/wp-json\/wp\/v2\/pages\/615","targetHints":{"allow":["GET"]}}],"collection":[{"href":"https:\/\/www.orgelvereinzw.ch\/index.php\/wp-json\/wp\/v2\/pages"}],"about":[{"href":"https:\/\/www.orgelvereinzw.ch\/index.php\/wp-json\/wp\/v2\/types\/page"}],"author":[{"embeddable":true,"href":"https:\/\/www.orgelvereinzw.ch\/index.php\/wp-json\/wp\/v2\/users\/1"}],"replies":[{"embeddable":true,"href":"https:\/\/www.orgelvereinzw.ch\/index.php\/wp-json\/wp\/v2\/comments?post=615"}],"version-history":[{"count":76,"href":"https:\/\/www.orgelvereinzw.ch\/index.php\/wp-json\/wp\/v2\/pages\/615\/revisions"}],"predecessor-version":[{"id":1381,"href":"https:\/\/www.orgelvereinzw.ch\/index.php\/wp-json\/wp\/v2\/pages\/615\/revisions\/1381"}],"wp:attachment":[{"href":"https:\/\/www.orgelvereinzw.ch\/index.php\/wp-json\/wp\/v2\/media?parent=615"}],"curies":[{"name":"wp","href":"https:\/\/api.w.org\/{rel}","templated":true}]}}