{"id":589,"date":"2019-03-16T16:49:09","date_gmt":"2019-03-16T16:49:09","guid":{"rendered":"https:\/\/www.orgelvereinzw.ch\/?page_id=589"},"modified":"2023-12-07T15:17:35","modified_gmt":"2023-12-07T15:17:35","slug":"links","status":"publish","type":"page","link":"https:\/\/www.orgelvereinzw.ch\/index.php\/links\/","title":{"rendered":"Links"},"content":{"rendered":"\n<h2 class=\"wp-block-heading\"><strong>Allgemeine Links:<\/strong><\/h2>\n\n\n\n<ul class=\"wp-block-list\">\n<li><a rel=\"noreferrer noopener\" aria-label=\"Musikschule Andelfingen (\u00f6ffnet in neuem Tab)\" href=\"https:\/\/www.musikschule-andelfingen.ch\/\" target=\"_blank\"><strong>Musikschule Andelfingen<\/strong><\/a><\/li>\n\n\n\n<li><a rel=\"noreferrer noopener\" aria-label=\"Musikschule Weinland Nord (\u00f6ffnet in neuem Tab)\" href=\"http:\/\/www.mswn.ch\/\" target=\"_blank\"><strong>Musikschule Weinland Nord<\/strong><\/a><\/li>\n\n\n\n<li><strong><a href=\"https:\/\/orgelportal.ch\/\" target=\"_blank\" rel=\"noreferrer noopener\">Orgelportal.ch<\/a><\/strong><\/li>\n\n\n\n<li><strong><a rel=\"noreferrer noopener\" aria-label=\"ZHdK, Orgeln (\u00f6ffnet in neuem Tab)\" href=\"https:\/\/www.zhdk.ch\/studium\/musik\/kirchenmusik\/orgeln-1366\" target=\"_blank\">Z\u00fcrcher Hochschule der K\u00fcnste, Orgeln<\/a><\/strong><\/li>\n\n\n\n<li><strong><a rel=\"noreferrer noopener\" aria-label=\"ZHdK, Studieng\u00e4nge Kirchenmusik (\u00f6ffnet in neuem Tab)\" href=\"https:\/\/www.zhdk.ch\/studium\/musik\/kirchenmusik\" target=\"_blank\">Z\u00fcrcher Hochschule der K\u00fcnste, Studieng\u00e4nge Kirchenmusik<\/a><\/strong><\/li>\n\n\n\n<li><strong><a rel=\"noreferrer noopener\" aria-label=\"Gesellschaft der Orgelfreunde (\u00f6ffnet in neuem Tab)\" href=\"http:\/\/www.gdo.de\/\" target=\"_blank\">Gesellschaft der Orgelfreunde<\/a><\/strong><\/li>\n\n\n\n<li><a rel=\"noreferrer noopener\" aria-label=\"Bachipedia (\u00f6ffnet in neuem Tab)\" href=\"https:\/\/www.bachipedia.org\/\" target=\"_blank\"><strong>Bachipedia<\/strong><\/a><\/li>\n<\/ul>\n\n\n\n<h2 class=\"wp-block-heading\"><strong>Webseiten unserer Mitglieder:<\/strong><\/h2>\n\n\n\n<ul class=\"wp-block-list\">\n<li><strong><a rel=\"noreferrer noopener\" aria-label=\"DUO Maya Homburger\/Barry Guy (\u00f6ffnet in neuem Tab)\" href=\"http:\/\/www.mayarecordings.com\/ensembles\/duohg\/index.html\" target=\"_blank\">DUO Maya Homburger\/Barry Guy<\/a><\/strong><\/li>\n\n\n\n<li><strong><a rel=\"noreferrer noopener\" aria-label=\"Maya Homburger (\u00f6ffnet in neuem Tab)\" href=\"http:\/\/www.maya-recordings.com\/biographies\/mayahome.html\" target=\"_blank\">Maya Homburger<\/a><\/strong><\/li>\n\n\n\n<li><strong><a rel=\"noreferrer noopener\" aria-label=\"Barry Guy (\u00f6ffnet in neuem Tab)\" href=\"http:\/\/www.maya-recordings.com\/biographies\/barryhome.html\" target=\"_blank\">Barry Guy<\/a><\/strong><\/li>\n\n\n\n<li><a rel=\"noreferrer noopener\" aria-label=\"Trio Balladin (\u00f6ffnet in neuem Tab)\" href=\"https:\/\/www.balladin.ch\/\" target=\"_blank\"><strong>Trio Balladin<\/strong><\/a><\/li>\n<\/ul>\n\n\n\n<h2 class=\"wp-block-heading\"><strong>Orgel- und Instrumentenbauer:<\/strong><\/h2>\n\n\n\n<ul class=\"wp-block-list\">\n<li><a rel=\"noreferrer noopener\" aria-label=\"Erni Orgelbau, Stans (\u00f6ffnet in neuem Tab)\" href=\"https:\/\/www.erni-orgelbau.ch\/\" target=\"_blank\"><strong>Erni Orgelbau, Stans<\/strong><\/a><\/li>\n\n\n\n<li><strong><a rel=\"noreferrer noopener\" href=\"https:\/\/kisselbach.de\/\" target=\"_blank\">Orgelhaus Kisselbach<\/a><\/strong><\/li>\n\n\n\n<li><strong><a rel=\"noreferrer noopener\" href=\"https:\/\/orgelbaufuchs.ch\/\" data-type=\"URL\" data-id=\"https:\/\/orgelbaufuchs.ch\/\" target=\"_blank\">Orgelbau Fuchs, Oetwil am See<\/a><\/strong><\/li>\n<\/ul>\n\n\n\n<hr class=\"wp-block-separator has-css-opacity\"\/>\n\n\n\n<p class=\"has-small-font-size\"><em>Wir haben keinerlei Einfluss auf die Inhalte der hier verlinkten Webseiten.<\/em><br><em>F\u00fcr die Richtigkeit der bereitgestellten Informationen ist der jeweilige Anbieter verantwortlich.<\/em><\/p>\n","protected":false},"excerpt":{"rendered":"<p>Allgemeine Links: Webseiten unserer Mitglieder: Orgel- und Instrumentenbauer: Wir haben keinerlei Einfluss auf die Inhalte der hier verlinkten Webseiten.F\u00fcr die Richtigkeit der bereitgestellten Informationen ist der jeweilige Anbieter verantwortlich.<\/p>\n","protected":false},"author":1,"featured_media":0,"parent":0,"menu_order":0,"comment_status":"closed","ping_status":"closed","template":"","meta":{"_coblocks_attr":"","_coblocks_dimensions":"","_coblocks_responsive_height":"","_coblocks_accordion_ie_support":"","footnotes":""},"class_list":["post-589","page","type-page","status-publish"],"_links":{"self":[{"href":"https:\/\/www.orgelvereinzw.ch\/index.php\/wp-json\/wp\/v2\/pages\/589","targetHints":{"allow":["GET"]}}],"collection":[{"href":"https:\/\/www.orgelvereinzw.ch\/index.php\/wp-json\/wp\/v2\/pages"}],"about":[{"href":"https:\/\/www.orgelvereinzw.ch\/index.php\/wp-json\/wp\/v2\/types\/page"}],"author":[{"embeddable":true,"href":"https:\/\/www.orgelvereinzw.ch\/index.php\/wp-json\/wp\/v2\/users\/1"}],"replies":[{"embeddable":true,"href":"https:\/\/www.orgelvereinzw.ch\/index.php\/wp-json\/wp\/v2\/comments?post=589"}],"version-history":[{"count":25,"href":"https:\/\/www.orgelvereinzw.ch\/index.php\/wp-json\/wp\/v2\/pages\/589\/revisions"}],"predecessor-version":[{"id":1334,"href":"https:\/\/www.orgelvereinzw.ch\/index.php\/wp-json\/wp\/v2\/pages\/589\/revisions\/1334"}],"wp:attachment":[{"href":"https:\/\/www.orgelvereinzw.ch\/index.php\/wp-json\/wp\/v2\/media?parent=589"}],"curies":[{"name":"wp","href":"https:\/\/api.w.org\/{rel}","templated":true}]}}