{"id":1226,"date":"2023-04-25T13:27:27","date_gmt":"2023-04-25T13:27:27","guid":{"rendered":"https:\/\/www.orgelvereinzw.ch\/?page_id=1226"},"modified":"2024-11-29T15:52:20","modified_gmt":"2024-11-29T15:52:20","slug":"notenbibliothek","status":"publish","type":"page","link":"https:\/\/www.orgelvereinzw.ch\/index.php\/notenbibliothek\/","title":{"rendered":"Notenbibliothek"},"content":{"rendered":"<div class=\"wp-block-image\">\n<figure class=\"alignright size-large is-resized\"><img loading=\"lazy\" decoding=\"async\" width=\"1024\" height=\"768\" src=\"https:\/\/www.orgelvereinzw.ch\/wp-content\/uploads\/2024\/11\/01-Notenbibliothek-1024x768.jpg\" alt=\"\" class=\"wp-image-1513\" style=\"width:350px\" srcset=\"https:\/\/www.orgelvereinzw.ch\/wp-content\/uploads\/2024\/11\/01-Notenbibliothek-1024x768.jpg 1024w, https:\/\/www.orgelvereinzw.ch\/wp-content\/uploads\/2024\/11\/01-Notenbibliothek-300x225.jpg 300w, https:\/\/www.orgelvereinzw.ch\/wp-content\/uploads\/2024\/11\/01-Notenbibliothek-768x576.jpg 768w, https:\/\/www.orgelvereinzw.ch\/wp-content\/uploads\/2024\/11\/01-Notenbibliothek-1536x1152.jpg 1536w, https:\/\/www.orgelvereinzw.ch\/wp-content\/uploads\/2024\/11\/01-Notenbibliothek.jpg 1797w\" sizes=\"auto, (max-width: 1024px) 100vw, 1024px\" \/><\/figure><\/div>\n\n\n<p>Kurz nach der Gr\u00fcndung des Orgelvereins Z\u00fcrcher Weinland kam der Orgelverein in den Besitz eines umfangreichen Notennachlasses aus der privaten Sammlung von Karl Schmidt (02.10.1923 \u2013 01.02.2018). Karl Schmidt war w\u00e4hrend \u00fcber 30 Jahren Organist an der reformierten Kirche Stammheim und gleichzeitig auch Dirigent des Kirchenchores. Seine private Notensammlung w\u00e4re urspr\u00fcnglich f\u00fcr die Kirche bestimmt gewesen. Anfang 2018 plante die Kirche die Anschaffung eines Notengestells hinter der Orgel mit Platz f\u00fcr seine Notensammlung und Platz f\u00fcr die Notensammlung des Kirchenchores. Dieser Plan wurde aber Mitte 2018 kurzfristig wieder aufgegeben mit der Begr\u00fcndung, dass kirchenseitig kein Interesse mehr an der Aufbewahrung von Notenmaterial best\u00fcnde.<\/p>\n\n\n\n<p>Der Notennachlass Karl Schmidts wurde deshalb dem Orgelverein Z\u00fcrcher Weinland \u00fcbertragen. So kamen 184 Notenb\u00e4nde sowie ein Handbuch \u00fcber Orgelkunde in den Besitz des Vereins. Von Anfang an bestand die Absicht, diese Sammlung zug\u00e4nglich zu halten und das Notenmaterial aktiv zu nutzen. Diese Nutzung gestaltete sich von 2019 bis Anfang 2023 schwierig, da kein geeigneter Platz f\u00fcr die Noten vorhanden war.<\/p>\n\n\n<div class=\"wp-block-image\">\n<figure class=\"alignleft size-large is-resized\"><img loading=\"lazy\" decoding=\"async\" width=\"1024\" height=\"768\" src=\"https:\/\/www.orgelvereinzw.ch\/wp-content\/uploads\/2024\/11\/20240906_122353-1024x768.jpg\" alt=\"\" class=\"wp-image-1531\" style=\"width:340px\" srcset=\"https:\/\/www.orgelvereinzw.ch\/wp-content\/uploads\/2024\/11\/20240906_122353-1024x768.jpg 1024w, https:\/\/www.orgelvereinzw.ch\/wp-content\/uploads\/2024\/11\/20240906_122353-300x225.jpg 300w, https:\/\/www.orgelvereinzw.ch\/wp-content\/uploads\/2024\/11\/20240906_122353-768x576.jpg 768w, https:\/\/www.orgelvereinzw.ch\/wp-content\/uploads\/2024\/11\/20240906_122353-1536x1152.jpg 1536w, https:\/\/www.orgelvereinzw.ch\/wp-content\/uploads\/2024\/11\/20240906_122353.jpg 1680w\" sizes=\"auto, (max-width: 1024px) 100vw, 1024px\" \/><\/figure><\/div>\n\n\n<p>Anfang des Jahres 2020 gelangte der Orgelverein in den Besitz eines Hofberg-Harmoniums, das zu diesem Zeitpunkt im Singsaal des Oberstufenschulhauses Stammertal einen Platz hatte. Nun hoffte der Orgelverein, im Schulhaus einen Platz f\u00fcr die Noten zu erhalten, so dass Instrument und Noten nahe beieinander w\u00e4ren. Dies gelang jedoch nicht und die Pandemie brachte eine \u00c4nderung in der Nutzung des Singsaales mit sich, so dass auch das Harmonium seinen Platz im Sommer 2022 verloren hat. Ein neuer Platz f\u00fcr das Harmonium konnte gl\u00fccklicherweise kurzfristig ab September 2022 im Alters- und Pflegezentrum Stammertal gefunden werden. Dank dem grossen Engagement und Interesse der Leitung des Alters- und Pflegezentrums wurde dem Harmonium sogar ein Ehrenplatz in der Eugen-Huber Stube gegeben, dort sieht es heute so aus, als w\u00fcrde es seit 100 Jahren dort stehen, es passt wie gegossen in diesen wundersch\u00f6nen Raum.<\/p>\n\n\n\n<p>Im April 2023 konnte der Verein dann im APZ Stammertal zwei Tablare im Schrank neben dem Harmonium und einen Archivschrank zumieten, so dass die Noten jetzt endlich einen Platz erhalten, der die Nutzung in Form einer Notenbibliothek zul\u00e4sst und Harmonium und Bibliothek an einem Ort vereint.<\/p>\n\n\n<div class=\"wp-block-image\">\n<figure class=\"alignright size-large is-resized\"><img loading=\"lazy\" decoding=\"async\" width=\"1024\" height=\"768\" src=\"https:\/\/www.orgelvereinzw.ch\/wp-content\/uploads\/2024\/11\/Notenbibliothek_01-1024x768.jpg\" alt=\"\" class=\"wp-image-1503\" style=\"width:380px\" srcset=\"https:\/\/www.orgelvereinzw.ch\/wp-content\/uploads\/2024\/11\/Notenbibliothek_01-1024x768.jpg 1024w, https:\/\/www.orgelvereinzw.ch\/wp-content\/uploads\/2024\/11\/Notenbibliothek_01-300x225.jpg 300w, https:\/\/www.orgelvereinzw.ch\/wp-content\/uploads\/2024\/11\/Notenbibliothek_01-768x576.jpg 768w, https:\/\/www.orgelvereinzw.ch\/wp-content\/uploads\/2024\/11\/Notenbibliothek_01-1536x1152.jpg 1536w, https:\/\/www.orgelvereinzw.ch\/wp-content\/uploads\/2024\/11\/Notenbibliothek_01.jpg 1718w\" sizes=\"auto, (max-width: 1024px) 100vw, 1024px\" \/><\/figure><\/div>\n\n\n<p>Um den Betrieb der Notenbibliothek bis ins Jahr 2026 sicherzustellen, startete der Orgelverein im Fr\u00fchjahr 2023 eine Spendenaktion. Das gesetzte Spendenziel wurde mit rund 2\/3 nicht ganz erreicht, wird aber den Betrieb der Bibliothek bis ins Jahr 2026 sicherstellen. Von 6 geplanten Liedersingen mit dem Harmonium und Liederb\u00fcchern aus dem Bestand der Bibliothek wurden hingegen nur 2 durchgef\u00fchrt. Die Liederb\u00fccher stehen aber zur Ausleihe zur Verf\u00fcgung.<\/p>\n\n\n\n<p>Die Benutzung der Bibliothek ist einfach. Ganz ohne Voranmeldung k\u00f6nnen in der Eugen-Huber Stube des Alters- und Pflegezentrum Stammertal (APZ) die sich im Wandschrank befindlichen B\u00fccher und Noten an Ort und Stelle gelesen werden. Wer die Noten nicht nur lesen, sondern auch spielen will, darf daf\u00fcr das <strong><a href=\"https:\/\/www.orgelvereinzw.ch\/index.php\/harmonium-des-orgelvereins\/\" data-type=\"page\" data-id=\"910\">Harmonium<\/a><\/strong> benutzen. Die Ben\u00fctzung von Bibliothek und Harmonium ist f\u00fcr Mitglieder Orgelvereins kostenlos, Nichtmitglieder sind gebeten, daf\u00fcr eine kleine Spende zu entrichten, entweder durch Bareinlage in das K\u00e4sseli auf dem Harmonium oder mit TWINT-Zahlung.<\/p>\n\n\n\n<p>Alle Titel, die nicht direkt in der Eugen-Huber Stube vorhanden sind, k\u00f6nnen \u00fcber das <strong><a href=\"https:\/\/www.orgelvereinzw.ch\/index.php\/kontakt\/\" data-type=\"page\" data-id=\"51\">Kontaktformular<\/a> <\/strong>auf unserer Website bestellt werden. Die <strong><a href=\"https:\/\/www.orgelvereinzw.ch\/index.php\/noten\/\" data-type=\"page\" data-id=\"1281\">Liste \u00fcber die erh\u00e4ltlichen Titel<\/a><\/strong> ist ebenfalls auf unserer Website aufgeschaltet. Auch dies ist f\u00fcr Mitglieder des Orgelvereins kostenlos. F\u00fcr Nichtmitglieder gilt folgendes:<\/p>\n\n\n\n<p>1 \u2013 3 Titel k\u00f6nnen gegen eine Geb\u00fchr von CHF 10.00 f\u00fcr l\u00e4ngstens 60 Tage ausgeliehen werden. Die Lieferfrist betr\u00e4gt 5 \u2013 10 Tage nach Eingang der Bestellung via <strong><a href=\"https:\/\/www.orgelvereinzw.ch\/index.php\/kontakt\/\" data-type=\"page\" data-id=\"51\">Kontaktformular<\/a><\/strong>. F\u00fcr die Ausleihe der Liederb\u00fccher gelten besondere Bestimmungen, sie erfolgt auf <strong><a href=\"https:\/\/www.orgelvereinzw.ch\/index.php\/kontakt\/\" data-type=\"page\" data-id=\"51\">Anfrage<\/a><\/strong>.<\/p>\n\n\n\n<figure class=\"wp-block-image alignwide size-large\"><img loading=\"lazy\" decoding=\"async\" width=\"1024\" height=\"320\" src=\"https:\/\/www.orgelvereinzw.ch\/wp-content\/uploads\/2024\/11\/Banner-2-1024x320.jpg\" alt=\"\" class=\"wp-image-1524\" srcset=\"https:\/\/www.orgelvereinzw.ch\/wp-content\/uploads\/2024\/11\/Banner-2-1024x320.jpg 1024w, https:\/\/www.orgelvereinzw.ch\/wp-content\/uploads\/2024\/11\/Banner-2-300x94.jpg 300w, https:\/\/www.orgelvereinzw.ch\/wp-content\/uploads\/2024\/11\/Banner-2-768x240.jpg 768w, https:\/\/www.orgelvereinzw.ch\/wp-content\/uploads\/2024\/11\/Banner-2-1536x481.jpg 1536w, https:\/\/www.orgelvereinzw.ch\/wp-content\/uploads\/2024\/11\/Banner-2.jpg 1790w\" sizes=\"auto, (max-width: 1024px) 100vw, 1024px\" \/><\/figure>\n","protected":false},"excerpt":{"rendered":"<p>Kurz nach der Gr\u00fcndung des Orgelvereins Z\u00fcrcher Weinland kam der Orgelverein in den Besitz eines umfangreichen Notennachlasses aus der privaten Sammlung von Karl Schmidt (02.10.1923 \u2013 01.02.2018). Karl Schmidt war w\u00e4hrend \u00fcber 30 Jahren Organist an der reformierten Kirche Stammheim und gleichzeitig auch Dirigent des Kirchenchores. Seine private Notensammlung w\u00e4re urspr\u00fcnglich f\u00fcr die Kirche bestimmt &#8230; <a title=\"Notenbibliothek\" class=\"read-more\" href=\"https:\/\/www.orgelvereinzw.ch\/index.php\/notenbibliothek\/\" aria-label=\"Read more about Notenbibliothek\">mehr lesen<\/a><\/p>\n","protected":false},"author":1,"featured_media":1521,"parent":0,"menu_order":0,"comment_status":"closed","ping_status":"closed","template":"","meta":{"_coblocks_attr":"","_coblocks_dimensions":"","_coblocks_responsive_height":"","_coblocks_accordion_ie_support":"","footnotes":""},"class_list":["post-1226","page","type-page","status-publish","has-post-thumbnail"],"_links":{"self":[{"href":"https:\/\/www.orgelvereinzw.ch\/index.php\/wp-json\/wp\/v2\/pages\/1226","targetHints":{"allow":["GET"]}}],"collection":[{"href":"https:\/\/www.orgelvereinzw.ch\/index.php\/wp-json\/wp\/v2\/pages"}],"about":[{"href":"https:\/\/www.orgelvereinzw.ch\/index.php\/wp-json\/wp\/v2\/types\/page"}],"author":[{"embeddable":true,"href":"https:\/\/www.orgelvereinzw.ch\/index.php\/wp-json\/wp\/v2\/users\/1"}],"replies":[{"embeddable":true,"href":"https:\/\/www.orgelvereinzw.ch\/index.php\/wp-json\/wp\/v2\/comments?post=1226"}],"version-history":[{"count":45,"href":"https:\/\/www.orgelvereinzw.ch\/index.php\/wp-json\/wp\/v2\/pages\/1226\/revisions"}],"predecessor-version":[{"id":1539,"href":"https:\/\/www.orgelvereinzw.ch\/index.php\/wp-json\/wp\/v2\/pages\/1226\/revisions\/1539"}],"wp:featuredmedia":[{"embeddable":true,"href":"https:\/\/www.orgelvereinzw.ch\/index.php\/wp-json\/wp\/v2\/media\/1521"}],"wp:attachment":[{"href":"https:\/\/www.orgelvereinzw.ch\/index.php\/wp-json\/wp\/v2\/media?parent=1226"}],"curies":[{"name":"wp","href":"https:\/\/api.w.org\/{rel}","templated":true}]}}